{"id":1658,"date":"2025-09-25T08:43:44","date_gmt":"2025-09-25T08:43:44","guid":{"rendered":"https:\/\/www.minutio.consulting\/?page_id=1658"},"modified":"2025-10-08T08:21:00","modified_gmt":"2025-10-08T08:21:00","slug":"kontakt","status":"publish","type":"page","link":"https:\/\/www.minutio.consulting\/en\/kontakt\/","title":{"rendered":"Contact us"},"content":{"rendered":"<section class=\"bde-section-1658-100 bde-section\">\n  \n  \n\t\n\n\n\n<div class=\"section-container\"><div class=\"bde-columns-1658-101 bde-columns\"><div class=\"bde-column-1658-102 bde-column\">\n  \n  \n\t\n\n\n\n<div class=\"bde-div-1658-110 bde-div\">\n  \n  \n\t\n\n\n\n<h1 class=\"bde-heading-1658-107 bde-heading\">\nTalk to us about your IT purchasing\n<\/h1><div class=\"bde-text-1658-108 bde-text\">\nAre you struggling with scarce resources, non-transparent offers or complex licence models? We relieve you quickly and neutrally so that you can decide with confidence\n<\/div><div class=\"bde-text-1658-109 bde-text\">\nTell us briefly what you need help with. We will get back to you promptly and clarify the next steps together\n<\/div>\n<\/div><div class=\"bde-div-1658-112 bde-div\">\n  \n  \n\t\n\n\n\n<a class=\"bde-container-link-1658-113 bde-container-link breakdance-link\" href=\"mailto:office@minutio.consulting\" target=\"_self\" data-type=\"url\">\n  \n  \n\t\n\n\n\n<div class=\"bde-icon-box-1658-111 bde-icon-box bde-preset-8c840248-4b66-4c60-9588-fb9a277cf51c\">\n\n    \n            <div class=\"ee-iconbox-icon breakdance-icon-atom\" >\n    \n                    <svg xmlns=\"http:\/\/www.w3.org\/2000\/svg\" viewbox=\"0 0 512 512\"><!-- Font Awesome Free 5.15.1 by @fontawesome - https:\/\/fontawesome.com License - https:\/\/fontawesome.com\/license\/free (Icons: CC BY 4.0, Fonts: SIL OFL 1.1, Code: MIT License) --><path d=\"M502.3 190.8c3.9-3.1 9.7-.2 9.7 4.7V400c0 26.5-21.5 48-48 48H48c-26.5 0-48-21.5-48-48V195.6c0-5 5.7-7.8 9.7-4.7 22.4 17.4 52.1 39.5 154.1 113.6 21.1 15.4 56.7 47.8 92.2 47.6 35.7.3 72-32.8 92.3-47.6 102-74.1 131.6-96.3 154-113.7zM256 320c23.2.4 56.6-29.2 73.4-41.4 132.7-96.3 142.8-104.7 173.4-128.7 5.8-4.5 9.2-11.5 9.2-18.9v-19c0-26.5-21.5-48-48-48H48C21.5 64 0 85.5 0 112v19c0 7.4 3.4 14.3 9.2 18.9 30.6 23.9 40.7 32.4 173.4 128.7 16.8 12.2 50.2 41.8 73.4 41.4z\"\/><\/svg>\n        \n        \n        \n            <\/div>\n    \n\n<div class=\"ee-iconbox-content\">\n      <p class=\"ee-iconbox-title bde-h3\" >e-mail<\/p>\n        <div class=\"ee-iconbox-text\" >office@minutio.consulting<\/div>\n    <\/div>\n\n<\/div>\n\n<\/a><a class=\"bde-container-link-1658-114 bde-container-link breakdance-link\" href=\"tel:+4367764176763\" target=\"_self\" data-type=\"url\">\n  \n  \n\t\n\n\n\n<div class=\"bde-icon-box-1658-115 bde-icon-box bde-preset-8c840248-4b66-4c60-9588-fb9a277cf51c\">\n\n    \n            <div class=\"ee-iconbox-icon breakdance-icon-atom\" >\n    \n                    <svg xmlns=\"http:\/\/www.w3.org\/2000\/svg\" viewbox=\"0 0 512 512\"><!-- Font Awesome Free 5.15.1 by @fontawesome - https:\/\/fontawesome.com License - https:\/\/fontawesome.com\/license\/free (Icons: CC BY 4.0, Fonts: SIL OFL 1.1, Code: MIT License) --><path d=\"M497.39 361.8l-112-48a24 24 0 0 0-28 6.9l-49.6 60.6A370.66 370.66 0 0 1 130.6 204.11l60.6-49.6a23.94 23.94 0 0 0 6.9-28l-48-112A24.16 24.16 0 0 0 122.6.61l-104 24A24 24 0 0 0 0 48c0 256.5 207.9 464 464 464a24 24 0 0 0 23.4-18.6l24-104a24.29 24.29 0 0 0-14.01-27.6z\"\/><\/svg>\n        \n        \n        \n            <\/div>\n    \n\n<div class=\"ee-iconbox-content\">\n      <p class=\"ee-iconbox-title bde-h3\" >Telephone<\/p>\n        <div class=\"ee-iconbox-text\" >+43677 641 76763<\/div>\n    <\/div>\n\n<\/div>\n\n<\/a><a class=\"bde-container-link-1658-116 bde-container-link breakdance-link\" href=\"https:\/\/maps.app.goo.gl\/5SPaV2w43bfzifVTA\" target=\"_self\" data-type=\"url\">\n  \n  \n\t\n\n\n\n<div class=\"bde-icon-box-1658-117 bde-icon-box bde-preset-8c840248-4b66-4c60-9588-fb9a277cf51c\">\n\n    \n            <div class=\"ee-iconbox-icon breakdance-icon-atom\" >\n    \n                    <svg xmlns=\"http:\/\/www.w3.org\/2000\/svg\" id=\"icon-location\" viewbox=\"0 0 32 32\">\n<path d=\"M16 0c-5.523 0-10 4.477-10 10 0 10 10 22 10 22s10-12 10-22c0-5.523-4.477-10-10-10zM16 16c-3.314 0-6-2.686-6-6s2.686-6 6-6 6 2.686 6 6-2.686 6-6 6z\"\/>\n<\/svg>\n        \n        \n        \n            <\/div>\n    \n\n<div class=\"ee-iconbox-content\">\n      <p class=\"ee-iconbox-title bde-h3\" >Address<\/p>\n        <div class=\"ee-iconbox-text\" >Emilie-Fl\u00f6ge-Weg 5\/1A, 1100 Vienna<\/div>\n    <\/div>\n\n<\/div>\n\n<\/a><a class=\"bde-container-link-1658-118 bde-container-link breakdance-link\" href=\"https:\/\/www.linkedin.com\/company\/minutio-consulting\/\" target=\"_self\" data-type=\"url\">\n  \n  \n\t\n\n\n\n<div class=\"bde-icon-box-1658-119 bde-icon-box bde-preset-8c840248-4b66-4c60-9588-fb9a277cf51c\">\n\n    \n            <div class=\"ee-iconbox-icon breakdance-icon-atom\" >\n    \n                    <svg xmlns=\"http:\/\/www.w3.org\/2000\/svg\" viewbox=\"0 0 448 512\"><!-- Font Awesome Free 5.15.1 by @fontawesome - https:\/\/fontawesome.com License - https:\/\/fontawesome.com\/license\/free (Icons: CC BY 4.0, Fonts: SIL OFL 1.1, Code: MIT License) --><path d=\"M416 32H31.9C14.3 32 0 46.5 0 64.3v383.4C0 465.5 14.3 480 31.9 480H416c17.6 0 32-14.5 32-32.3V64.3c0-17.8-14.4-32.3-32-32.3zM135.4 416H69V202.2h66.5V416zm-33.2-243c-21.3 0-38.5-17.3-38.5-38.5S80.9 96 102.2 96c21.2 0 38.5 17.3 38.5 38.5 0 21.3-17.2 38.5-38.5 38.5zm282.1 243h-66.4V312c0-24.8-.5-56.7-34.5-56.7-34.6 0-39.9 27-39.9 54.9V416h-66.4V202.2h63.7v29.2h.9c8.9-16.8 30.6-34.5 62.9-34.5 67.2 0 79.7 44.3 79.7 101.9V416z\"\/><\/svg>\n        \n        \n        \n            <\/div>\n    \n\n<div class=\"ee-iconbox-content\">\n      <p class=\"ee-iconbox-title bde-h3\" >LinkedIn<\/p>\n        <div class=\"ee-iconbox-text\" >Call up profile<\/div>\n    <\/div>\n\n<\/div>\n\n<\/a>\n<\/div>\n<\/div><div class=\"bde-column-1658-103 bde-column\">\n  \n  \n\t\n\n\n\n<div class=\"bde-div-1658-104 bde-div wh-border-radius-default\">\n  \n  \n\t\n\n\n\n<h3 class=\"bde-heading-1658-106 bde-heading\">\nContact form\n<\/h3><div class=\"bde-form-builder-1658-105 bde-form-builder\">\n\n\n<form id=\"contact-form105\" class=\"breakdance-form breakdance-form--vertical\" data-options=\"{&quot;slug&quot;:&quot;custom&quot;,&quot;name&quot;:&quot;Contact Form&quot;,&quot;ajaxUrl&quot;:&quot;https:\\\/\\\/www.minutio.consulting\\\/wp-admin\\\/admin-ajax.php&quot;,&quot;clearOnSuccess&quot;:true,&quot;hideOnSuccess&quot;:false,&quot;successMessage&quot;:&quot;Ihre Nachricht wurde verschickt!&quot;,&quot;errorMessage&quot;:&quot;Etwas ist schief gelaufen&quot;,&quot;redirect&quot;:false,&quot;redirectUrl&quot;:&quot;&quot;,&quot;customJavaScript&quot;:&quot;&quot;,&quot;recaptcha&quot;:{&quot;key&quot;:&quot;&quot;,&quot;enabled&quot;:false},&quot;honeypot_enabled&quot;:false,&quot;popupsOnSuccess&quot;:[],&quot;popupsOnError&quot;:[]}\" data-steps=\"0\" action=\"\" >\n  \n  \n  \n<div class=\"breakdance-form-field breakdance-form-field--email\" >\n    \n    \n            <label class=\"breakdance-form-field__label\" for=\"email\">\n            e-mail<span class=\"breakdance-form-field__required\">*<\/span>\n        <\/label>\n    \n    <input\n    class=\"breakdance-form-field__input\"\n    id=\"email\"\n    aria-describedby=\"email\"\n    type=\"email\"\n    name=\"fields[email]\"\n    placeholder=\"\"\n    value=\"\"\n                \n        \n        \n    required\n>\n\n\n    \n    \n<\/div>\n\n\n<div class=\"breakdance-form-field breakdance-form-field--text\" >\n    \n    \n            <label class=\"breakdance-form-field__label\" for=\"name\">\n            Name<span class=\"breakdance-form-field__required\">*<\/span>\n        <\/label>\n    \n    <input\n    class=\"breakdance-form-field__input\"\n    id=\"name\"\n    aria-describedby=\"name\"\n    type=\"text\"\n    name=\"fields[name]\"\n    placeholder=\"\"\n    value=\"\"\n                \n        \n        \n    required\n>\n\n\n    \n    \n<\/div>\n\n\n<div class=\"breakdance-form-field breakdance-form-field--textarea\" >\n    \n    \n            <label class=\"breakdance-form-field__label\" for=\"message\">\n            Message<span class=\"breakdance-form-field__required\">*<\/span>\n        <\/label>\n    \n    <textarea\n    class=\"breakdance-form-field__input\"\n    id=\"message\"\n    aria-describedby=\"message\"\n    type=\"textarea\"\n    name=\"fields[message]\"\n        placeholder=\"\"\n    required\n>\n<\/textarea>\n\n\n    \n    \n<\/div>\n\n\n<div class=\"breakdance-form-field breakdance-form-field--checkbox breakdance-form-field__hide-label\" >\n    \n    \n    \n    <fieldset role=\"group\"\n    aria-label=\"Data protection\"\n    >\n       <legend class=\"breakdance-form-field__label\">Data protection<span class=\"breakdance-form-field__required\">*<\/span><\/legend>\n          <div class=\"breakdance-form-checkbox\">\n          <input\n              type=\"checkbox\"\n              name=\"fields[yhdtqq]\"\n              value=\"true\"\n              id=\"yhdtqq-1\"\n              \n                        >\n          <label class=\"breakdance-form-checkbox__text\" for=\"yhdtqq-1\">I have the <a target=\"_blank\" href=\"\/en\/datenschutz\/\">Privacy policy<\/a> read and accepted.<\/label>\n      <\/div>\n  <\/fieldset>\n\n\n\n    \n    \n<\/div>\n\n\n  \n\n<div class=\"breakdance-form-field breakdance-form-footer\">\n    \n    \n                                    \n    \n    \n    \n    \n            \n            <button type=\"submit\" class=\"button-atom button-atom--primary breakdance-form-button breakdance-form-button__submit\"  >\n    \n        <span class=\"button-atom__text\">Send<\/span>\n\n        \n        \n            <\/button>\n    \n    <input type=\"hidden\" name=\"form_id\" value=\"105\">\n    <input type=\"hidden\" name=\"post_id\" value=\"1658\">\n<\/div>\n\n  \n<input type=\"hidden\" name=\"trp-form-language\" value=\"en\"\/><\/form>\n\n\n\n<\/div>\n<\/div>\n<\/div><\/div><\/div>\n<\/section><section class=\"bde-section-1658-120 bde-section\">\n  \n  \n\t\n\n\n\n<div class=\"section-container\"><div class=\"bde-div-1658-123 bde-div\">\n  \n  \n\t\n\n\n\n<h2 class=\"bde-heading-1658-121 bde-heading\">\nOur location in Vienna\n<\/h2><div class=\"bde-text-1658-122 bde-text bde-preset-e8610f23-ceca-4ad9-9224-1e96b860be6c\">\nYou will find us in the 10th district in Emilie-Fl\u00f6ge-Weg - appointments by appointment\n<\/div>\n<\/div><div class=\"bde-google-map-1658-124 bde-google-map wh-border-radius-default overflow-hidden\">\n\r\n<iframe width=\"100%\" height=\"100%\" style=\"border:0\" loading=\"lazy\" title=\"Map\" src=\"https:\/\/maps.google.com\/maps?q=Emilie-Fl%C3%B6ge-Weg+5%2F1A%2C+1100+Wien&t=m&z=14&output=embed&iwloc=near\" allowfullscreen><\/iframe>\n\n<\/div><\/div>\n<\/section>","protected":false},"excerpt":{"rendered":"<p>Sprechen Sie mit uns \u00fcber Ihren IT\u2011Einkauf Sie k\u00e4mpfen mit knappen Ressourcen, intransparenten Angeboten oder komplexen Lizenzmodellen? Wir entlasten Sie schnell und neutral, damit Sie sicher entscheiden k\u00f6nnen Erz\u00e4hlen Sie uns kurz, wobei Sie Unterst\u00fctzung ben\u00f6tigen. Wir melden uns zeitnah und kl\u00e4ren die n\u00e4chsten Schritte gemeinsam E-Mail office@minutio.consulting Telefon +43677 641 76763 Adresse Emilie-Fl\u00f6ge-Weg 5\/1A, [&hellip;]<\/p>","protected":false},"author":1,"featured_media":0,"parent":0,"menu_order":0,"comment_status":"closed","ping_status":"closed","template":"","meta":{"_acf_changed":false,"_breakdance_hide_in_design_set":false,"_breakdance_tags":"","footnotes":""},"page-category":[],"class_list":["post-1658","page","type-page","status-publish","hentry"],"acf":[],"yoast_head":"<!-- This site is optimized with the Yoast SEO plugin v26.1 - https:\/\/yoast.com\/wordpress\/plugins\/seo\/ -->\n<title>Kontakt - Minutio Consulting<\/title>\n<meta name=\"description\" content=\"Kontaktieren Sie Minutio Consulting f\u00fcr Unterst\u00fctzung im IT-Einkauf. Wir finden die L\u00f6sungen f\u00fcr Ihre Herausforderungen.\" \/>\n<meta name=\"robots\" content=\"index, follow, max-snippet:-1, max-image-preview:large, max-video-preview:-1\" \/>\n<link rel=\"canonical\" href=\"https:\/\/www.minutio.consulting\/en\/kontakt\/\" \/>\n<meta property=\"og:locale\" content=\"en_GB\" \/>\n<meta property=\"og:type\" content=\"article\" \/>\n<meta property=\"og:title\" content=\"Kontakt - Minutio Consulting\" \/>\n<meta property=\"og:description\" content=\"Kontaktieren Sie Minutio Consulting f\u00fcr Unterst\u00fctzung im IT-Einkauf. Wir finden die L\u00f6sungen f\u00fcr Ihre Herausforderungen.\" \/>\n<meta property=\"og:url\" content=\"https:\/\/www.minutio.consulting\/en\/kontakt\/\" \/>\n<meta property=\"og:site_name\" content=\"Minutio Consulting\" \/>\n<meta property=\"article:modified_time\" content=\"2025-10-08T08:21:00+00:00\" \/>\n<meta name=\"twitter:card\" content=\"summary_large_image\" \/>\n<meta name=\"twitter:label1\" content=\"Estimated reading time\" \/>\n\t<meta name=\"twitter:data1\" content=\"1 minute\" \/>\n<script type=\"application\/ld+json\" class=\"yoast-schema-graph\">{\"@context\":\"https:\/\/schema.org\",\"@graph\":[{\"@type\":\"WebPage\",\"@id\":\"https:\/\/www.minutio.consulting\/kontakt\/\",\"url\":\"https:\/\/www.minutio.consulting\/kontakt\/\",\"name\":\"Kontakt - Minutio Consulting\",\"isPartOf\":{\"@id\":\"https:\/\/www.minutio.consulting\/#website\"},\"datePublished\":\"2025-09-25T08:43:44+00:00\",\"dateModified\":\"2025-10-08T08:21:00+00:00\",\"description\":\"Kontaktieren Sie Minutio Consulting f\u00fcr Unterst\u00fctzung im IT-Einkauf. Wir finden die L\u00f6sungen f\u00fcr Ihre Herausforderungen.\",\"breadcrumb\":{\"@id\":\"https:\/\/www.minutio.consulting\/kontakt\/#breadcrumb\"},\"inLanguage\":\"en-GB\",\"potentialAction\":[{\"@type\":\"ReadAction\",\"target\":[\"https:\/\/www.minutio.consulting\/kontakt\/\"]}]},{\"@type\":\"BreadcrumbList\",\"@id\":\"https:\/\/www.minutio.consulting\/kontakt\/#breadcrumb\",\"itemListElement\":[{\"@type\":\"ListItem\",\"position\":1,\"name\":\"Home\",\"item\":\"https:\/\/www.minutio.consulting\/\"},{\"@type\":\"ListItem\",\"position\":2,\"name\":\"Kontakt\"}]},{\"@type\":\"WebSite\",\"@id\":\"https:\/\/www.minutio.consulting\/#website\",\"url\":\"https:\/\/www.minutio.consulting\/\",\"name\":\"Minutio Consulting\",\"description\":\"IT-Einkauf endlich einfach und fair.\",\"publisher\":{\"@id\":\"https:\/\/www.minutio.consulting\/#organization\"},\"potentialAction\":[{\"@type\":\"SearchAction\",\"target\":{\"@type\":\"EntryPoint\",\"urlTemplate\":\"https:\/\/www.minutio.consulting\/?s={search_term_string}\"},\"query-input\":{\"@type\":\"PropertyValueSpecification\",\"valueRequired\":true,\"valueName\":\"search_term_string\"}}],\"inLanguage\":\"en-GB\"},{\"@type\":\"Organization\",\"@id\":\"https:\/\/www.minutio.consulting\/#organization\",\"name\":\"Minutio Consulting\",\"url\":\"https:\/\/www.minutio.consulting\/\",\"logo\":{\"@type\":\"ImageObject\",\"inLanguage\":\"en-GB\",\"@id\":\"https:\/\/www.minutio.consulting\/#\/schema\/logo\/image\/\",\"url\":\"\",\"contentUrl\":\"\",\"caption\":\"Minutio Consulting\"},\"image\":{\"@id\":\"https:\/\/www.minutio.consulting\/#\/schema\/logo\/image\/\"}}]}<\/script>\n<!-- \/ Yoast SEO plugin. -->","yoast_head_json":{"title":"Kontakt - Minutio Consulting","description":"Kontaktieren Sie Minutio Consulting f\u00fcr Unterst\u00fctzung im IT-Einkauf. Wir finden die L\u00f6sungen f\u00fcr Ihre Herausforderungen.","robots":{"index":"index","follow":"follow","max-snippet":"max-snippet:-1","max-image-preview":"max-image-preview:large","max-video-preview":"max-video-preview:-1"},"canonical":"https:\/\/www.minutio.consulting\/en\/kontakt\/","og_locale":"en_GB","og_type":"article","og_title":"Kontakt - Minutio Consulting","og_description":"Kontaktieren Sie Minutio Consulting f\u00fcr Unterst\u00fctzung im IT-Einkauf. Wir finden die L\u00f6sungen f\u00fcr Ihre Herausforderungen.","og_url":"https:\/\/www.minutio.consulting\/en\/kontakt\/","og_site_name":"Minutio Consulting","article_modified_time":"2025-10-08T08:21:00+00:00","twitter_card":"summary_large_image","twitter_misc":{"Estimated reading time":"1 minute"},"schema":{"@context":"https:\/\/schema.org","@graph":[{"@type":"WebPage","@id":"https:\/\/www.minutio.consulting\/kontakt\/","url":"https:\/\/www.minutio.consulting\/kontakt\/","name":"Kontakt - Minutio Consulting","isPartOf":{"@id":"https:\/\/www.minutio.consulting\/#website"},"datePublished":"2025-09-25T08:43:44+00:00","dateModified":"2025-10-08T08:21:00+00:00","description":"Kontaktieren Sie Minutio Consulting f\u00fcr Unterst\u00fctzung im IT-Einkauf. Wir finden die L\u00f6sungen f\u00fcr Ihre Herausforderungen.","breadcrumb":{"@id":"https:\/\/www.minutio.consulting\/kontakt\/#breadcrumb"},"inLanguage":"en-GB","potentialAction":[{"@type":"ReadAction","target":["https:\/\/www.minutio.consulting\/kontakt\/"]}]},{"@type":"BreadcrumbList","@id":"https:\/\/www.minutio.consulting\/kontakt\/#breadcrumb","itemListElement":[{"@type":"ListItem","position":1,"name":"Home","item":"https:\/\/www.minutio.consulting\/"},{"@type":"ListItem","position":2,"name":"Kontakt"}]},{"@type":"WebSite","@id":"https:\/\/www.minutio.consulting\/#website","url":"https:\/\/www.minutio.consulting\/","name":"Minutio Consulting","description":"IT-Einkauf endlich einfach und fair.","publisher":{"@id":"https:\/\/www.minutio.consulting\/#organization"},"potentialAction":[{"@type":"SearchAction","target":{"@type":"EntryPoint","urlTemplate":"https:\/\/www.minutio.consulting\/?s={search_term_string}"},"query-input":{"@type":"PropertyValueSpecification","valueRequired":true,"valueName":"search_term_string"}}],"inLanguage":"en-GB"},{"@type":"Organization","@id":"https:\/\/www.minutio.consulting\/#organization","name":"Minutio Consulting","url":"https:\/\/www.minutio.consulting\/","logo":{"@type":"ImageObject","inLanguage":"en-GB","@id":"https:\/\/www.minutio.consulting\/#\/schema\/logo\/image\/","url":"","contentUrl":"","caption":"Minutio Consulting"},"image":{"@id":"https:\/\/www.minutio.consulting\/#\/schema\/logo\/image\/"}}]}},"_links":{"self":[{"href":"https:\/\/www.minutio.consulting\/en\/wp-json\/wp\/v2\/pages\/1658","targetHints":{"allow":["GET"]}}],"collection":[{"href":"https:\/\/www.minutio.consulting\/en\/wp-json\/wp\/v2\/pages"}],"about":[{"href":"https:\/\/www.minutio.consulting\/en\/wp-json\/wp\/v2\/types\/page"}],"author":[{"embeddable":true,"href":"https:\/\/www.minutio.consulting\/en\/wp-json\/wp\/v2\/users\/1"}],"replies":[{"embeddable":true,"href":"https:\/\/www.minutio.consulting\/en\/wp-json\/wp\/v2\/comments?post=1658"}],"version-history":[{"count":49,"href":"https:\/\/www.minutio.consulting\/en\/wp-json\/wp\/v2\/pages\/1658\/revisions"}],"predecessor-version":[{"id":2152,"href":"https:\/\/www.minutio.consulting\/en\/wp-json\/wp\/v2\/pages\/1658\/revisions\/2152"}],"wp:attachment":[{"href":"https:\/\/www.minutio.consulting\/en\/wp-json\/wp\/v2\/media?parent=1658"}],"wp:term":[{"taxonomy":"page-category","embeddable":true,"href":"https:\/\/www.minutio.consulting\/en\/wp-json\/wp\/v2\/page-category?post=1658"}],"curies":[{"name":"wp","href":"https:\/\/api.w.org\/{rel}","templated":true}]}}