{"id":1656,"date":"2025-09-25T08:43:12","date_gmt":"2025-09-25T08:43:12","guid":{"rendered":"https:\/\/www.minutio.consulting\/?page_id=1656"},"modified":"2025-09-28T07:46:17","modified_gmt":"2025-09-28T07:46:17","slug":"uber-uns","status":"publish","type":"page","link":"https:\/\/www.minutio.consulting\/en\/uber-uns\/","title":{"rendered":"About us"},"content":{"rendered":"<section class=\"bde-section-1656-106 bde-section bde-preset-5fc42696-7343-468d-89ea-668d3adc46a0\">\n  \n  \n\t\n\n\n\n<div class=\"section-container\"><div class=\"bde-div-1656-107 bde-div section-mini-container wh-border-radius-default overflow-hidden bde-preset-b34dd0ff-4851-437f-b86d-b617c8960e6e\">\n  \n  \n\t\n\n\n\n<div class=\"bde-div-1656-114 bde-div\">\n  \n  \n\t\n\n\n\n<div class=\"bde-div-1656-108 bde-div\">\n  \n  \n\t\n\n\n\n<h1 class=\"bde-heading-1656-109 bde-heading bde-preset-5fa88782-a8ff-48e7-a5a1-7a0cc5468615\">\nAbout us\n<\/h1><div class=\"bde-text-1656-110 bde-text bde-preset-583bff97-e739-4d5c-9c42-b76d5e3065ba\">\nAgile consulting company with great impact in IT procurement and cost optimisation.\n<\/div><div class=\"bde-globalblock-1656-135 bde-globalblock\">\n<div class=\"bde-button-1874-100-1874-1 bde-button bde-button-1874-100\">\n    \n                                    \n    \n    \n    \n    \n            \n                    \n            \n            \n\n    \n    \n    \n    \n    \n    <a class=\"breakdance-link button-atom button-atom--primary bde-button__button\" href=\"https:\/\/www.minutio.consulting\/en\/kontakt\/\" target=\"_self\" data-type=\"url\"  >\n\n    \n        <span class=\"button-atom__text\">Enquire now<\/span>\n\n        \n        \n                <\/a>\n\n    \n\n\n<\/div>\n<\/div>\n<\/div><div class=\"bde-gallery-1656-112 bde-gallery\">\n\n\n  \n\n\n\n\n\n\n\n\n\n\n<div class=\"ee-gallery ee-gallery--default ee-gallery--grid ee-gallery--single ee-gallery--lightbox ee-gallery-- ee-gallery--caption- ee-gallery--caption-none ee-gallery--ratio\">\n                  \n      <a class=\"ee-gallery-item ee-gallery-item--image ee-gallery-item--single\" href=\"https:\/\/www.minutio.consulting\/wp-content\/uploads\/2025\/09\/f7f9003de43037056cc8faff35f8466c91d29615.jpg\"  data-sub-html=\"<span><\/span>\" data-category=\"1\"                  data-lg-size=\"867-1300\"\n\n      >\n        <figure class=\"ee-gallery-item-figure\">\n                        <img decoding=\"async\" class=\"breakdance-image-object\" src=\"https:\/\/www.minutio.consulting\/wp-content\/uploads\/2025\/09\/f7f9003de43037056cc8faff35f8466c91d29615-683x1024.jpg\" width=\"683\" height=\"1024\" srcset=\"https:\/\/www.minutio.consulting\/wp-content\/uploads\/2025\/09\/f7f9003de43037056cc8faff35f8466c91d29615.jpg 867w, https:\/\/www.minutio.consulting\/wp-content\/uploads\/2025\/09\/f7f9003de43037056cc8faff35f8466c91d29615-200x300.jpg 200w, https:\/\/www.minutio.consulting\/wp-content\/uploads\/2025\/09\/f7f9003de43037056cc8faff35f8466c91d29615-683x1024.jpg 683w, https:\/\/www.minutio.consulting\/wp-content\/uploads\/2025\/09\/f7f9003de43037056cc8faff35f8466c91d29615-768x1152.jpg 768w\" sizes=\"auto, (max-width: 867px) 100vw, 867px\" alt=\"Ein b\u00e4rtiger Mann sitzt an einem h\u00f6lzernen Schreibtisch und schaut mit einer Hand am Kinn nachdenklich auf einen Laptop-Bildschirm. Er tr\u00e4gt ein kariertes Hemd und befindet sich in einem Innenraum in der N\u00e4he gro\u00dfer Fenster.\" loading=\"lazy\">\n          \n                  <\/figure>\n      <\/a>\n\n                \n      <a class=\"ee-gallery-item ee-gallery-item--image ee-gallery-item--single\" href=\"https:\/\/www.minutio.consulting\/wp-content\/uploads\/2025\/09\/08b1abcbfab518d9518df02f444b4cef10ffd400.jpg\"  data-sub-html=\"<span><\/span>\" data-category=\"1\"                  data-lg-size=\"1880-1253\"\n\n      >\n        <figure class=\"ee-gallery-item-figure\">\n                        <img decoding=\"async\" class=\"breakdance-image-object\" src=\"https:\/\/www.minutio.consulting\/wp-content\/uploads\/2025\/09\/08b1abcbfab518d9518df02f444b4cef10ffd400-1024x682.jpg\" width=\"1024\" height=\"682\" srcset=\"https:\/\/www.minutio.consulting\/wp-content\/uploads\/2025\/09\/08b1abcbfab518d9518df02f444b4cef10ffd400.jpg 1880w, https:\/\/www.minutio.consulting\/wp-content\/uploads\/2025\/09\/08b1abcbfab518d9518df02f444b4cef10ffd400-300x200.jpg 300w, https:\/\/www.minutio.consulting\/wp-content\/uploads\/2025\/09\/08b1abcbfab518d9518df02f444b4cef10ffd400-1024x682.jpg 1024w, https:\/\/www.minutio.consulting\/wp-content\/uploads\/2025\/09\/08b1abcbfab518d9518df02f444b4cef10ffd400-768x512.jpg 768w, https:\/\/www.minutio.consulting\/wp-content\/uploads\/2025\/09\/08b1abcbfab518d9518df02f444b4cef10ffd400-1536x1024.jpg 1536w\" sizes=\"auto, (max-width: 1880px) 100vw, 1880px\" alt=\"In einem hellen Raum mit gro\u00dfen Fenstern und Holzm\u00f6beln sitzt und steht eine Gruppe junger Erwachsener mit Laptops um einen Tisch herum, schaut auf einen Bildschirm und diskutiert.\" loading=\"lazy\">\n          \n                  <\/figure>\n      <\/a>\n\n                \n      <a class=\"ee-gallery-item ee-gallery-item--image ee-gallery-item--single\" href=\"https:\/\/www.minutio.consulting\/wp-content\/uploads\/2025\/09\/3a07bc226341ab570f90e6856a22d36785e40e3a.jpg\"  data-sub-html=\"<span><\/span>\" data-category=\"1\"                  data-lg-size=\"1880-1255\"\n\n      >\n        <figure class=\"ee-gallery-item-figure\">\n                        <img decoding=\"async\" class=\"breakdance-image-object\" src=\"https:\/\/www.minutio.consulting\/wp-content\/uploads\/2025\/09\/3a07bc226341ab570f90e6856a22d36785e40e3a-1024x684.jpg\" width=\"1024\" height=\"684\" srcset=\"https:\/\/www.minutio.consulting\/wp-content\/uploads\/2025\/09\/3a07bc226341ab570f90e6856a22d36785e40e3a.jpg 1880w, https:\/\/www.minutio.consulting\/wp-content\/uploads\/2025\/09\/3a07bc226341ab570f90e6856a22d36785e40e3a-300x200.jpg 300w, https:\/\/www.minutio.consulting\/wp-content\/uploads\/2025\/09\/3a07bc226341ab570f90e6856a22d36785e40e3a-1024x684.jpg 1024w, https:\/\/www.minutio.consulting\/wp-content\/uploads\/2025\/09\/3a07bc226341ab570f90e6856a22d36785e40e3a-768x513.jpg 768w, https:\/\/www.minutio.consulting\/wp-content\/uploads\/2025\/09\/3a07bc226341ab570f90e6856a22d36785e40e3a-1536x1025.jpg 1536w\" sizes=\"auto, (max-width: 1880px) 100vw, 1880px\" alt=\"In einem hellen B\u00fcro mit gro\u00dfen Fenstern tippt eine Person auf einem Laptop, der an zwei gro\u00dfe Monitore angeschlossen ist, auf denen Codezeilen angezeigt werden.\" loading=\"lazy\">\n          \n                  <\/figure>\n      <\/a>\n\n                \n      <a class=\"ee-gallery-item ee-gallery-item--image ee-gallery-item--single\" href=\"https:\/\/www.minutio.consulting\/wp-content\/uploads\/2025\/09\/1715e173ced0860a62398957b3915d42a2d71005.jpg\"  data-sub-html=\"<span><\/span>\" data-category=\"1\"                  data-lg-size=\"1880-1253\"\n\n      >\n        <figure class=\"ee-gallery-item-figure\">\n                        <img decoding=\"async\" class=\"breakdance-image-object\" src=\"https:\/\/www.minutio.consulting\/wp-content\/uploads\/2025\/09\/1715e173ced0860a62398957b3915d42a2d71005-1024x682.jpg\" width=\"1024\" height=\"682\" srcset=\"https:\/\/www.minutio.consulting\/wp-content\/uploads\/2025\/09\/1715e173ced0860a62398957b3915d42a2d71005.jpg 1880w, https:\/\/www.minutio.consulting\/wp-content\/uploads\/2025\/09\/1715e173ced0860a62398957b3915d42a2d71005-300x200.jpg 300w, https:\/\/www.minutio.consulting\/wp-content\/uploads\/2025\/09\/1715e173ced0860a62398957b3915d42a2d71005-1024x682.jpg 1024w, https:\/\/www.minutio.consulting\/wp-content\/uploads\/2025\/09\/1715e173ced0860a62398957b3915d42a2d71005-768x512.jpg 768w, https:\/\/www.minutio.consulting\/wp-content\/uploads\/2025\/09\/1715e173ced0860a62398957b3915d42a2d71005-1536x1024.jpg 1536w\" sizes=\"auto, (max-width: 1880px) 100vw, 1880px\" alt=\"Vier Personen sitzen um einen Tisch in einem hellen B\u00fcro und diskutieren. Sie haben digitale Ger\u00e4te, Notebooks und Kaffeetassen vor sich stehen. Ein Mann in Wei\u00df scheint das Gespr\u00e4ch zu leiten.\" loading=\"lazy\">\n          \n                  <\/figure>\n      <\/a>\n\n      \n  <\/div>\n\n\n\n<\/div>\n<\/div>\n<\/div><\/div>\n<\/section><section class=\"bde-section-1656-115 bde-section\">\n  \n  \n\t\n\n\n\n<div class=\"section-container\"><div class=\"bde-div-1656-116 bde-div\">\n  \n  \n\t\n\n\n\n<h2 class=\"bde-heading-1656-117 bde-heading bde-preset-a2fd5b4b-5c4f-4186-b14e-962a9650d3c9\">\nWho we are\n<\/h2><div class=\"bde-text-1656-118 bde-text bde-preset-eaffccbe-dec3-4a56-b9be-b8274c7aaa9a\">\nWe are a management consultancy focusing on IT procurement and cost optimisation for clients in all sectors. The IT market is heterogeneous, dynamic and characterised by many providers and non-transparent contract and billing models. This is precisely where we create clarity. As a lean, agile team, we are personally accessible, work closely with your goals and deliver better value for money than large consultancies. We also offer refurbished hardware, but our focus is on IT procurement consulting.\n<\/div>\n<\/div><\/div>\n<\/section><section class=\"bde-section-1656-120 bde-section inner-section-negative-margin bde-preset-5fc42696-7343-468d-89ea-668d3adc46a0\">\n  \n  \n\t\n\n\n\n<div class=\"section-container\"><div class=\"bde-columns-1656-121 bde-columns\"><div class=\"bde-column-1656-122 bde-column\">\n  \n  \n\t\n\n\n\n<div class=\"bde-div-1656-127 bde-div wh-border-radius-default\">\n  \n  \n\t\n\n\n\n<div class=\"bde-div-1656-124 bde-div\">\n  \n  \n\t\n\n\n\n<h2 class=\"bde-heading-1656-125 bde-heading bde-preset-a2fd5b4b-5c4f-4186-b14e-962a9650d3c9\">\nOur approach and your benefits\n<\/h2><div class=\"bde-text-1656-126 bde-text bde-preset-eaffccbe-dec3-4a56-b9be-b8274c7aaa9a\">\nWe assess your needs, draw up specifications and requirements catalogues, select suitable suppliers, organise hearings and provide support during contract negotiations. We can also take over project management right through to commissioning. We bridge the gap between business and IT, involve relevant stakeholders and work transparently and with strong implementation skills. The results are implemented measures, more efficient processes, a strategically aligned supplier portfolio and a sustainable reduction in IT costs of 10 to 20 per cent.\n<\/div>\n<\/div>\n<\/div>\n<\/div><div class=\"bde-column-1656-123 bde-column\">\n  \n  \n\t\n\n\n\n<img decoding=\"async\" class=\"bde-image2-1656-128 bde-image2 wh-border-radius-default growing-image\" src=\"https:\/\/www.minutio.consulting\/wp-content\/uploads\/2025\/09\/f4263c57ac5776ec1d51cbcc1b2894e9a3bda1a4-scaled.jpg\" alt=\"Vier Fachleute arbeiten in einem modernen B\u00fcro zusammen. Zwei Personen sitzen an Schreibtischen mit Monitoren, w\u00e4hrend zwei andere stehen, wobei einer auf ein Tablet zeigt. Die Gruppe scheint konzentriert und in eine Diskussion vertieft zu sein.\" loading=\"lazy\" srcset=\"https:\/\/www.minutio.consulting\/wp-content\/uploads\/2025\/09\/f4263c57ac5776ec1d51cbcc1b2894e9a3bda1a4-scaled.jpg 2560w, https:\/\/www.minutio.consulting\/wp-content\/uploads\/2025\/09\/f4263c57ac5776ec1d51cbcc1b2894e9a3bda1a4-300x200.jpg 300w, https:\/\/www.minutio.consulting\/wp-content\/uploads\/2025\/09\/f4263c57ac5776ec1d51cbcc1b2894e9a3bda1a4-1024x683.jpg 1024w, https:\/\/www.minutio.consulting\/wp-content\/uploads\/2025\/09\/f4263c57ac5776ec1d51cbcc1b2894e9a3bda1a4-768x512.jpg 768w, https:\/\/www.minutio.consulting\/wp-content\/uploads\/2025\/09\/f4263c57ac5776ec1d51cbcc1b2894e9a3bda1a4-1536x1024.jpg 1536w, https:\/\/www.minutio.consulting\/wp-content\/uploads\/2025\/09\/f4263c57ac5776ec1d51cbcc1b2894e9a3bda1a4-2048x1366.jpg 2048w\" sizes=\"auto, (max-width: 2560px) 100vw, 2560px\" width=\"2560\" height=\"1707\">\n<\/div><\/div><\/div>\n<\/section><section class=\"bde-section-1656-129 bde-section inner-section-negative-margin bde-preset-5fc42696-7343-468d-89ea-668d3adc46a0\">\n  \n  \n\t\n\n\n\n<div class=\"section-container\"><div class=\"bde-div-1656-130 bde-div wh-border-radius-default fonts-white bde-preset-a6c99f04-e6c6-4bc9-b1b7-c2b4f210d4e6\">\n  \n  \n\t\n\n\n\n<div class=\"bde-div-1656-137 bde-div bde-preset-636818b9-364d-4708-bcfc-29579faed315\">\n  \n  \n\t\n\n\n\n<h2 class=\"bde-heading-1656-131 bde-heading bde-preset-39189909-d5a7-4301-af49-4158943219f9\">\nReady for noticeably better IT procurement.\n<\/h2><div class=\"bde-text-1656-132 bde-text bde-preset-432b2f73-5726-4683-a8ba-00a394055604\">\nSecure a non-binding initial consultation - we listen, understand your needs and show you concrete next steps.\n<\/div><div class=\"bde-text-1656-133 bde-text bde-preset-f5191d70-c4fa-42a0-879f-04779b0cf8fb\">\nTell us where there is a problem in IT procurement. We quickly provide clarity, reliable options and a predictable path to implementation.\n<\/div><div class=\"bde-globalblock-1656-136 bde-globalblock\">\n<div class=\"bde-button-1874-100-1874-2 bde-button bde-button-1874-100\">\n    \n                                    \n    \n    \n    \n    \n            \n                    \n            \n            \n\n    \n    \n    \n    \n    \n    <a class=\"breakdance-link button-atom button-atom--primary bde-button__button\" href=\"https:\/\/www.minutio.consulting\/en\/kontakt\/\" target=\"_self\" data-type=\"url\"  >\n\n    \n        <span class=\"button-atom__text\">Enquire now<\/span>\n\n        \n        \n                <\/a>\n\n    \n\n\n<\/div>\n<\/div>\n<\/div>\n<\/div><\/div>\n<\/section>","protected":false},"excerpt":{"rendered":"<p>\u00dcber Uns Agiles Beratungsunternehmen mit gro\u00dfer Wirkung im IT Einkauf und in der Kostenoptimierung. Jetzt anfragen Wer wir sind Wir sind eine auf IT Einkauf und Kostenoptimierung fokussierte Unternehmensberatung f\u00fcr Kunden aller Branchen. Der IT Markt ist heterogen, dynamisch und gepr\u00e4gt von vielen Anbietern sowie intransparenten Vertrags- und Abrechnungsmodellen. Genau hier schaffen wir Klarheit. Als [&hellip;]<\/p>","protected":false},"author":1,"featured_media":0,"parent":0,"menu_order":0,"comment_status":"closed","ping_status":"closed","template":"","meta":{"_acf_changed":false,"_breakdance_hide_in_design_set":false,"_breakdance_tags":"","footnotes":""},"page-category":[],"class_list":["post-1656","page","type-page","status-publish","hentry"],"acf":[],"yoast_head":"<!-- This site is optimized with the Yoast SEO plugin v26.1 - https:\/\/yoast.com\/wordpress\/plugins\/seo\/ -->\n<title>\u00dcber Uns - Minutio Consulting<\/title>\n<meta name=\"description\" content=\"Informieren Sie sich \u00fcber Minutio Consulting, Ihre Experten f\u00fcr IT-Einkauf und Kostenoptimierung. Mehr erfahren.\" \/>\n<meta name=\"robots\" content=\"index, follow, max-snippet:-1, max-image-preview:large, max-video-preview:-1\" \/>\n<link rel=\"canonical\" href=\"https:\/\/www.minutio.consulting\/en\/uber-uns\/\" \/>\n<meta property=\"og:locale\" content=\"en_GB\" \/>\n<meta property=\"og:type\" content=\"article\" \/>\n<meta property=\"og:title\" content=\"\u00dcber Uns - Minutio Consulting\" \/>\n<meta property=\"og:description\" content=\"Informieren Sie sich \u00fcber Minutio Consulting, Ihre Experten f\u00fcr IT-Einkauf und Kostenoptimierung. Mehr erfahren.\" \/>\n<meta property=\"og:url\" content=\"https:\/\/www.minutio.consulting\/en\/uber-uns\/\" \/>\n<meta property=\"og:site_name\" content=\"Minutio Consulting\" \/>\n<meta property=\"article:modified_time\" content=\"2025-09-28T07:46:17+00:00\" \/>\n<meta name=\"twitter:card\" content=\"summary_large_image\" \/>\n<meta name=\"twitter:label1\" content=\"Estimated reading time\" \/>\n\t<meta name=\"twitter:data1\" content=\"1 minute\" \/>\n<script type=\"application\/ld+json\" class=\"yoast-schema-graph\">{\"@context\":\"https:\/\/schema.org\",\"@graph\":[{\"@type\":\"WebPage\",\"@id\":\"https:\/\/www.minutio.consulting\/uber-uns\/\",\"url\":\"https:\/\/www.minutio.consulting\/uber-uns\/\",\"name\":\"\u00dcber Uns - Minutio Consulting\",\"isPartOf\":{\"@id\":\"https:\/\/www.minutio.consulting\/#website\"},\"datePublished\":\"2025-09-25T08:43:12+00:00\",\"dateModified\":\"2025-09-28T07:46:17+00:00\",\"description\":\"Informieren Sie sich \u00fcber Minutio Consulting, Ihre Experten f\u00fcr IT-Einkauf und Kostenoptimierung. Mehr erfahren.\",\"breadcrumb\":{\"@id\":\"https:\/\/www.minutio.consulting\/uber-uns\/#breadcrumb\"},\"inLanguage\":\"en-GB\",\"potentialAction\":[{\"@type\":\"ReadAction\",\"target\":[\"https:\/\/www.minutio.consulting\/uber-uns\/\"]}]},{\"@type\":\"BreadcrumbList\",\"@id\":\"https:\/\/www.minutio.consulting\/uber-uns\/#breadcrumb\",\"itemListElement\":[{\"@type\":\"ListItem\",\"position\":1,\"name\":\"Home\",\"item\":\"https:\/\/www.minutio.consulting\/\"},{\"@type\":\"ListItem\",\"position\":2,\"name\":\"\u00dcber Uns\"}]},{\"@type\":\"WebSite\",\"@id\":\"https:\/\/www.minutio.consulting\/#website\",\"url\":\"https:\/\/www.minutio.consulting\/\",\"name\":\"Minutio Consulting\",\"description\":\"IT-Einkauf endlich einfach und fair.\",\"publisher\":{\"@id\":\"https:\/\/www.minutio.consulting\/#organization\"},\"potentialAction\":[{\"@type\":\"SearchAction\",\"target\":{\"@type\":\"EntryPoint\",\"urlTemplate\":\"https:\/\/www.minutio.consulting\/?s={search_term_string}\"},\"query-input\":{\"@type\":\"PropertyValueSpecification\",\"valueRequired\":true,\"valueName\":\"search_term_string\"}}],\"inLanguage\":\"en-GB\"},{\"@type\":\"Organization\",\"@id\":\"https:\/\/www.minutio.consulting\/#organization\",\"name\":\"Minutio Consulting\",\"url\":\"https:\/\/www.minutio.consulting\/\",\"logo\":{\"@type\":\"ImageObject\",\"inLanguage\":\"en-GB\",\"@id\":\"https:\/\/www.minutio.consulting\/#\/schema\/logo\/image\/\",\"url\":\"\",\"contentUrl\":\"\",\"caption\":\"Minutio Consulting\"},\"image\":{\"@id\":\"https:\/\/www.minutio.consulting\/#\/schema\/logo\/image\/\"}}]}<\/script>\n<!-- \/ Yoast SEO plugin. -->","yoast_head_json":{"title":"\u00dcber Uns - Minutio Consulting","description":"Informieren Sie sich \u00fcber Minutio Consulting, Ihre Experten f\u00fcr IT-Einkauf und Kostenoptimierung. Mehr erfahren.","robots":{"index":"index","follow":"follow","max-snippet":"max-snippet:-1","max-image-preview":"max-image-preview:large","max-video-preview":"max-video-preview:-1"},"canonical":"https:\/\/www.minutio.consulting\/en\/uber-uns\/","og_locale":"en_GB","og_type":"article","og_title":"\u00dcber Uns - Minutio Consulting","og_description":"Informieren Sie sich \u00fcber Minutio Consulting, Ihre Experten f\u00fcr IT-Einkauf und Kostenoptimierung. Mehr erfahren.","og_url":"https:\/\/www.minutio.consulting\/en\/uber-uns\/","og_site_name":"Minutio Consulting","article_modified_time":"2025-09-28T07:46:17+00:00","twitter_card":"summary_large_image","twitter_misc":{"Estimated reading time":"1 minute"},"schema":{"@context":"https:\/\/schema.org","@graph":[{"@type":"WebPage","@id":"https:\/\/www.minutio.consulting\/uber-uns\/","url":"https:\/\/www.minutio.consulting\/uber-uns\/","name":"\u00dcber Uns - Minutio Consulting","isPartOf":{"@id":"https:\/\/www.minutio.consulting\/#website"},"datePublished":"2025-09-25T08:43:12+00:00","dateModified":"2025-09-28T07:46:17+00:00","description":"Informieren Sie sich \u00fcber Minutio Consulting, Ihre Experten f\u00fcr IT-Einkauf und Kostenoptimierung. Mehr erfahren.","breadcrumb":{"@id":"https:\/\/www.minutio.consulting\/uber-uns\/#breadcrumb"},"inLanguage":"en-GB","potentialAction":[{"@type":"ReadAction","target":["https:\/\/www.minutio.consulting\/uber-uns\/"]}]},{"@type":"BreadcrumbList","@id":"https:\/\/www.minutio.consulting\/uber-uns\/#breadcrumb","itemListElement":[{"@type":"ListItem","position":1,"name":"Home","item":"https:\/\/www.minutio.consulting\/"},{"@type":"ListItem","position":2,"name":"\u00dcber Uns"}]},{"@type":"WebSite","@id":"https:\/\/www.minutio.consulting\/#website","url":"https:\/\/www.minutio.consulting\/","name":"Minutio Consulting","description":"IT-Einkauf endlich einfach und fair.","publisher":{"@id":"https:\/\/www.minutio.consulting\/#organization"},"potentialAction":[{"@type":"SearchAction","target":{"@type":"EntryPoint","urlTemplate":"https:\/\/www.minutio.consulting\/?s={search_term_string}"},"query-input":{"@type":"PropertyValueSpecification","valueRequired":true,"valueName":"search_term_string"}}],"inLanguage":"en-GB"},{"@type":"Organization","@id":"https:\/\/www.minutio.consulting\/#organization","name":"Minutio Consulting","url":"https:\/\/www.minutio.consulting\/","logo":{"@type":"ImageObject","inLanguage":"en-GB","@id":"https:\/\/www.minutio.consulting\/#\/schema\/logo\/image\/","url":"","contentUrl":"","caption":"Minutio Consulting"},"image":{"@id":"https:\/\/www.minutio.consulting\/#\/schema\/logo\/image\/"}}]}},"_links":{"self":[{"href":"https:\/\/www.minutio.consulting\/en\/wp-json\/wp\/v2\/pages\/1656","targetHints":{"allow":["GET"]}}],"collection":[{"href":"https:\/\/www.minutio.consulting\/en\/wp-json\/wp\/v2\/pages"}],"about":[{"href":"https:\/\/www.minutio.consulting\/en\/wp-json\/wp\/v2\/types\/page"}],"author":[{"embeddable":true,"href":"https:\/\/www.minutio.consulting\/en\/wp-json\/wp\/v2\/users\/1"}],"replies":[{"embeddable":true,"href":"https:\/\/www.minutio.consulting\/en\/wp-json\/wp\/v2\/comments?post=1656"}],"version-history":[{"count":53,"href":"https:\/\/www.minutio.consulting\/en\/wp-json\/wp\/v2\/pages\/1656\/revisions"}],"predecessor-version":[{"id":2014,"href":"https:\/\/www.minutio.consulting\/en\/wp-json\/wp\/v2\/pages\/1656\/revisions\/2014"}],"wp:attachment":[{"href":"https:\/\/www.minutio.consulting\/en\/wp-json\/wp\/v2\/media?parent=1656"}],"wp:term":[{"taxonomy":"page-category","embeddable":true,"href":"https:\/\/www.minutio.consulting\/en\/wp-json\/wp\/v2\/page-category?post=1656"}],"curies":[{"name":"wp","href":"https:\/\/api.w.org\/{rel}","templated":true}]}}